{"id":4182,"date":"2013-12-09T06:29:29","date_gmt":"2013-12-09T05:29:29","guid":{"rendered":"http:\/\/www.taxi-alps-express.com\/?page_id=4182"},"modified":"2013-12-09T06:29:29","modified_gmt":"2013-12-09T05:29:29","slug":"legal-policy","status":"publish","type":"page","link":"https:\/\/www.taxi-alps-express.com\/en\/legal-policy\/","title":{"rendered":"Legal Policy"},"content":{"rendered":"<p>[vc_row][vc_column width=&#8221;1\/1&#8243;][vc_column_text]<\/p>\n<h3>Airport Taxi Taxi Alps Express Innsbruck<\/h3>\n<h3>Vural B\u00fclent OG<\/h3>\n<h3>B\u00fclent Vural<\/h3>\n<p>Amraser-See-Stra\u00dfe 9,<br \/>\nA-6020 Innsbruck<\/p>\n<p>+43 650 30 52 594<br \/>\n<a href=\"mailto:office@taxi-alps-express.com\">office@taxi-alps-express.com<\/a>[\/vc_column_text]<div class=\"gap\" style=\"line-height: 30px; height: 30px;\"><\/div>[\/vc_column][\/vc_row][vc_row][vc_column width=&#8221;1\/1&#8243;][vc_column_text]<\/p>\n<h2>Haftung:<\/h2>\n<p>S\u00e4mtliche Texte auf dieser Website wurden sorgf\u00e4ltig gepr\u00fcft. Dessen ungeachtet kann keine Garantie f\u00fcr die Richtigkeit, Vollst\u00e4ndigkeit und Aktualit\u00e4t der Angaben \u00fcbernommen werden. Eine Haftung von\u00a0Vural B\u00fclent OG wird daher ausgeschlossen.<\/p>\n<p>&nbsp;<\/p>\n<h2>Hinweise:<\/h2>\n<p>Aus rechtlichen Gr\u00fcnden m\u00fcssen wir darauf hinweisen, dass wir auf den Inhalt verlinkter Seiten nicht immer Einfluss nehmen k\u00f6nnen und daher daf\u00fcr nicht verantwortlich sind! S\u00e4mtliche personenbezogenen Daten, die durch Formulare auf dieser Seite eingegeben werden, werden von uns nur zum daf\u00fcr vorgesehenen Zweck verwendet und auf Wunsch gel\u00f6scht.<\/p>\n<p>&nbsp;<\/p>\n<h2>Datenschutzhinweis:<\/h2>\n<p>Diese Website benutzt Google Analytics, einen Webanalysedienst der Google Inc. (\u201eGoogle\u201c). Google Analytics verwendet sog. \u201eCookies\u201c, Textdateien, die auf Ihrem Computer gespeichert werden und die eine Analyse der Benutzung der Website durch Sie erm\u00f6glichen. Die durch den Cookie erzeugten Informationen \u00fcber Ihre Benutzung dieser Website werden in der Regel an einen Server von Google in den USA \u00fcbertragen und dort gespeichert. Im Falle der Aktivierung der IP-Anonymisierung auf dieser Webseite, wird Ihre IP-Adresse von Google jedoch innerhalb von Mitgliedstaaten der Europ\u00e4ischen Union oder in anderen Vertragsstaaten des Abkommens \u00fcber den Europ\u00e4ischen Wirtschaftsraum zuvor gek\u00fcrzt. Nur in Ausnahmef\u00e4llen wird die volle IP-Adresse an einen Server von Google in den USA \u00fcbertragen und dort gek\u00fcrzt. Im Auftrag des Betreibers dieser Website wird Google diese Informationen benutzen, um Ihre Nutzung der Website auszuwerten, um Reports \u00fcber die Websiteaktivit\u00e4ten zusammenzustellen und um weitere mit der Websitenutzung und der Internetnutzung verbundene Dienstleistungen gegen\u00fcber dem Websitebetreiber zu erbringen. Die im Rahmen von Google Analytics von Ihrem Browser \u00fcbermittelte IP-Adresse wird nicht mit anderen Daten von Google zusammengef\u00fchrt. Sie k\u00f6nnen die Speicherung der Cookies durch eine entsprechende Einstellung Ihrer Browser-Software verhindern; wir weisen Sie jedoch darauf hin, dass Sie in diesem Fall gegebenenfalls nicht s\u00e4mtliche Funktionen dieser Website vollumf\u00e4nglich werden nutzen k\u00f6nnen. Sie k\u00f6nnen dar\u00fcber hinaus die Erfassung der durch das Cookie erzeugten und auf Ihre Nutzung der Website bezogenen Daten (inkl. Ihrer IP-Adresse) an Google sowie die Verarbeitung dieser Daten durch Google verhindern, indem sie das unter dem folgenden Link (<a href=\"http:\/\/tools.google.com\/dlpage\/gaoptout?hl=de\" target=\"_blank\">http:\/\/tools.google.com\/dlpage\/gaoptout?hl=de<\/a>) verf\u00fcgbare Browser-Plugin herunterladen und installieren.<\/p>\n<p>N\u00e4here Informationen zu Nutzungsbedingungen und Datenschutz finden Sie unter<a href=\"http:\/\/www.google.com\/analytics\/terms\/de.html\" target=\"_blank\">http:\/\/www.google.com\/analytics\/terms\/de.html<\/a>\u00a0bzw. unter\u00a0<a href=\"http:\/\/www.google.com\/intl\/de\/analytics\/privacyoverview.html\" target=\"_blank\">http:\/\/www.google.com\/intl\/de\/analytics\/privacyoverview.html<\/a>. Wir weisen Sie darauf hin, dass auf dieser Webseite Google Analytics um den Code \u201egat._anonymizeIp();\u201c erweitert wurde, um eine anonymisierte Erfassung von IP-Adressen (sog. IP-Masking) zu gew\u00e4hrleisten.[\/vc_column_text][\/vc_column][\/vc_row]<\/p>\n","protected":false},"excerpt":{"rendered":"<p>[vc_row][vc_column width=&#8221;1\/1&#8243;][vc_column_text] Airport Taxi Taxi Alps Express Innsbruck Vural B\u00fclent OG B\u00fclent Vural Amraser-See-Stra\u00dfe 9, A-6020 Innsbruck +43 650 30 52 594 office@taxi-alps-express.com[\/vc_column_text][\/vc_column][\/vc_row][vc_row][vc_column width=&#8221;1\/1&#8243;][vc_column_text] Haftung: S\u00e4mtliche Texte auf dieser Website wurden sorgf\u00e4ltig gepr\u00fcft. Dessen ungeachtet kann keine Garantie f\u00fcr die Richtigkeit, Vollst\u00e4ndigkeit und Aktualit\u00e4t der Angaben \u00fcbernommen werden. Eine Haftung von\u00a0Vural B\u00fclent OG wird daher&hellip;<\/p>\n","protected":false},"author":1,"featured_media":0,"parent":0,"menu_order":0,"comment_status":"closed","ping_status":"closed","template":"","meta":[],"_links":{"self":[{"href":"https:\/\/www.taxi-alps-express.com\/en\/wp-json\/wp\/v2\/pages\/4182"}],"collection":[{"href":"https:\/\/www.taxi-alps-express.com\/en\/wp-json\/wp\/v2\/pages"}],"about":[{"href":"https:\/\/www.taxi-alps-express.com\/en\/wp-json\/wp\/v2\/types\/page"}],"author":[{"embeddable":true,"href":"https:\/\/www.taxi-alps-express.com\/en\/wp-json\/wp\/v2\/users\/1"}],"replies":[{"embeddable":true,"href":"https:\/\/www.taxi-alps-express.com\/en\/wp-json\/wp\/v2\/comments?post=4182"}],"version-history":[{"count":1,"href":"https:\/\/www.taxi-alps-express.com\/en\/wp-json\/wp\/v2\/pages\/4182\/revisions"}],"predecessor-version":[{"id":4183,"href":"https:\/\/www.taxi-alps-express.com\/en\/wp-json\/wp\/v2\/pages\/4182\/revisions\/4183"}],"wp:attachment":[{"href":"https:\/\/www.taxi-alps-express.com\/en\/wp-json\/wp\/v2\/media?parent=4182"}],"curies":[{"name":"wp","href":"https:\/\/api.w.org\/{rel}","templated":true}]}}